{"id":15,"date":"2024-05-28T17:57:47","date_gmt":"2024-05-28T15:57:47","guid":{"rendered":"https:\/\/lacroiseedesmots.com\/?page_id=15"},"modified":"2024-10-29T14:55:17","modified_gmt":"2024-10-29T13:55:17","slug":"fr-accueil","status":"publish","type":"page","link":"https:\/\/lacroiseedesmots.com\/index.php\/fr-accueil\/","title":{"rendered":"Accueil"},"content":{"rendered":"\n<h1 class=\"wp-block-heading has-text-align-left\">Traducteur freelance anglais \/ fran\u00e7ais<\/h1>\n\n\n\n<h2 class=\"wp-block-heading has-text-align-left\">Traduction de qualit\u00e9 professionnelle pour tous vos projets.<\/h2>\n\n\n\n<p>Avec La crois\u00e9e des mots, vous b\u00e9n\u00e9ficiez d\u2019une expertise adapt\u00e9e \u00e0 vos besoins. Je propose des traductions professionnelles de l\u2019anglais vers le fran\u00e7ais. Mon objectif est de vous aider \u00e0 franchir les barri\u00e8res linguistiques en fournissant des traductions pr\u00e9cises et fluides, adapt\u00e9es \u00e0 votre audience.<\/p>\n\n\n\n<figure class=\"wp-block-image size-large is-resized\"><img loading=\"lazy\" decoding=\"async\" width=\"1024\" height=\"422\" src=\"https:\/\/lacroiseedesmots.com\/wp-content\/uploads\/2024\/09\/books-2596809_1920-1-1024x422.jpg\" alt=\"Biblioth\u00e8que \u00e9clair\u00e9e par des ampoules chaleureuses pendues \u00e0 leurs c\u00e2bles\" class=\"wp-image-81\" style=\"width:1199px;height:auto\" srcset=\"https:\/\/lacroiseedesmots.com\/wp-content\/uploads\/2024\/09\/books-2596809_1920-1-1024x422.jpg 1024w, https:\/\/lacroiseedesmots.com\/wp-content\/uploads\/2024\/09\/books-2596809_1920-1-300x124.jpg 300w, https:\/\/lacroiseedesmots.com\/wp-content\/uploads\/2024\/09\/books-2596809_1920-1-768x317.jpg 768w, https:\/\/lacroiseedesmots.com\/wp-content\/uploads\/2024\/09\/books-2596809_1920-1-1536x634.jpg 1536w, https:\/\/lacroiseedesmots.com\/wp-content\/uploads\/2024\/09\/books-2596809_1920-1.jpg 1920w\" sizes=\"auto, (max-width: 1024px) 100vw, 1024px\" \/><\/figure>\n\n\n\n<h2 class=\"wp-block-heading\"><strong>Bienvenue \u00e0 La Crois\u00e9e des mots.<\/strong><\/h2>\n\n\n\n<p>Je suis heureux de vous accueillir. Je suis traducteur sp\u00e9cialis\u00e9 dans la traduction de l&rsquo;anglais vers le fran\u00e7ais, je vous propose un service sur mesure, adapt\u00e9 \u00e0 vos besoins. Mon objectif est de vous fournir des traductions de qualit\u00e9, respectueuses de l&rsquo;esprit de votre texte original. Que vous soyez une entreprise, un professionnel ou un particulier, chacun de vos projets m\u00e9rite une attention particuli\u00e8re.<br><br>Je m&rsquo;engage \u00e0 traiter chaque texte avec la plus grande rigueur. La qualit\u00e9, le respect des d\u00e9lais et l&rsquo;\u00e9coute de vos attentes sont essentiels dans ma d\u00e9marche. Chaque projet est unique, c&rsquo;est pourquoi je prends le temps de m&rsquo;adapter \u00e0 vos exigences tout en veillant \u00e0 ce que votre message soit parfaitement transmis \u00e0 votre audience francophone. Traduire ne se limite pas \u00e0 la conversion machinale des mots d&rsquo;une langue \u00e0 une autre, il s&rsquo;agit d&rsquo;interpr\u00e9ter un contenu et de lui donner une r\u00e9sonance dans une nouvelle culture.<br><br>Tout au long de notre collaboration, vous pouvez compter sur ma disponibilit\u00e9 et ma transparence. Que ce soit pour suivre l&rsquo;\u00e9volution du projet ou discuter d&rsquo;\u00e9ventuelles modifications, je m&rsquo;assure que vous soyez toujours inform\u00e9 et impliqu\u00e9 dans le processus. Cela me permet de garantir un r\u00e9sultat qui correspond \u00e0 vos attentes.<br>Je propose diff\u00e9rents services adapt\u00e9s \u00e0 vos besoins : que vous ayez besoin d&rsquo;une traduction g\u00e9n\u00e9rale, d&rsquo;un texte sp\u00e9cialis\u00e9 ou d&rsquo;une relecture approfondie, je suis \u00e0 votre disposition pour assurer la qualit\u00e9 de votre contenu. Je peux \u00e9galement localiser vos contenus, afin que votre message soit pertinent dans la culture cible.<br><br>Mon engagement est simple : vous offrir une traduction pr\u00e9cise, professionnelle et adapt\u00e9e, en prenant en compte chaque d\u00e9tail important de votre projet. Je serais ravi de discuter avec vous pour mieux comprendre vos besoins et vous proposer un devis personnalis\u00e9.<\/p>\n\n\n\n<div class=\"wp-block-buttons is-layout-flex wp-block-buttons-is-layout-flex\">\n<div class=\"wp-block-button\"><a class=\"wp-block-button__link wp-element-button\" href=\"https:\/\/lacroiseedesmots.com\/index.php\/fr-devis\/\">Demander un devis<\/a><\/div>\n\n\n\n<div class=\"wp-block-button\"><a class=\"wp-block-button__link wp-element-button\" href=\"https:\/\/lacroiseedesmots.com\/index.php\/contact\/\">Me contacter<\/a><\/div>\n<\/div>\n\n\n\n<p><\/p>\n\n\n\n<div class=\"wp-block-buttons is-layout-flex wp-container-core-buttons-is-layout-168ce233 wp-block-buttons-is-layout-flex\"><\/div>\n\n\n\n<p><\/p>\n","protected":false},"excerpt":{"rendered":"<p>Traducteur freelance anglais \/ fran\u00e7ais Traduction de qualit\u00e9 professionnelle pour tous vos projets. Avec La crois\u00e9e des mots, vous b\u00e9n\u00e9ficiez [&hellip;]<\/p>\n","protected":false},"author":1,"featured_media":0,"parent":0,"menu_order":0,"comment_status":"closed","ping_status":"closed","template":"","meta":{"ub_ctt_via":"","site-sidebar-layout":"default","site-content-layout":"","ast-site-content-layout":"","site-content-style":"default","site-sidebar-style":"default","ast-global-header-display":"","ast-banner-title-visibility":"","ast-main-header-display":"","ast-hfb-above-header-display":"","ast-hfb-below-header-display":"","ast-hfb-mobile-header-display":"","site-post-title":"disabled","ast-breadcrumbs-content":"","ast-featured-img":"","footer-sml-layout":"","theme-transparent-header-meta":"","adv-header-id-meta":"","stick-header-meta":"","header-above-stick-meta":"","header-main-stick-meta":"","header-below-stick-meta":"","astra-migrate-meta-layouts":"default","ast-page-background-enabled":"default","ast-page-background-meta":{"desktop":{"background-color":"var(--ast-global-color-4)","background-image":"","background-repeat":"repeat","background-position":"center center","background-size":"auto","background-attachment":"scroll","background-type":"","background-media":"","overlay-type":"","overlay-color":"","overlay-opacity":"","overlay-gradient":""},"tablet":{"background-color":"","background-image":"","background-repeat":"repeat","background-position":"center center","background-size":"auto","background-attachment":"scroll","background-type":"","background-media":"","overlay-type":"","overlay-color":"","overlay-opacity":"","overlay-gradient":""},"mobile":{"background-color":"","background-image":"","background-repeat":"repeat","background-position":"center center","background-size":"auto","background-attachment":"scroll","background-type":"","background-media":"","overlay-type":"","overlay-color":"","overlay-opacity":"","overlay-gradient":""}},"ast-content-background-meta":{"desktop":{"background-color":"var(--ast-global-color-5)","background-image":"","background-repeat":"repeat","background-position":"center center","background-size":"auto","background-attachment":"scroll","background-type":"","background-media":"","overlay-type":"","overlay-color":"","overlay-opacity":"","overlay-gradient":""},"tablet":{"background-color":"var(--ast-global-color-5)","background-image":"","background-repeat":"repeat","background-position":"center center","background-size":"auto","background-attachment":"scroll","background-type":"","background-media":"","overlay-type":"","overlay-color":"","overlay-opacity":"","overlay-gradient":""},"mobile":{"background-color":"var(--ast-global-color-5)","background-image":"","background-repeat":"repeat","background-position":"center center","background-size":"auto","background-attachment":"scroll","background-type":"","background-media":"","overlay-type":"","overlay-color":"","overlay-opacity":"","overlay-gradient":""}},"footnotes":""},"wf_page_folders":[16],"class_list":["post-15","page","type-page","status-publish","hentry"],"aioseo_notices":[],"featured_image_src":null,"_links":{"self":[{"href":"https:\/\/lacroiseedesmots.com\/index.php\/wp-json\/wp\/v2\/pages\/15","targetHints":{"allow":["GET"]}}],"collection":[{"href":"https:\/\/lacroiseedesmots.com\/index.php\/wp-json\/wp\/v2\/pages"}],"about":[{"href":"https:\/\/lacroiseedesmots.com\/index.php\/wp-json\/wp\/v2\/types\/page"}],"author":[{"embeddable":true,"href":"https:\/\/lacroiseedesmots.com\/index.php\/wp-json\/wp\/v2\/users\/1"}],"replies":[{"embeddable":true,"href":"https:\/\/lacroiseedesmots.com\/index.php\/wp-json\/wp\/v2\/comments?post=15"}],"version-history":[{"count":21,"href":"https:\/\/lacroiseedesmots.com\/index.php\/wp-json\/wp\/v2\/pages\/15\/revisions"}],"predecessor-version":[{"id":301,"href":"https:\/\/lacroiseedesmots.com\/index.php\/wp-json\/wp\/v2\/pages\/15\/revisions\/301"}],"wp:attachment":[{"href":"https:\/\/lacroiseedesmots.com\/index.php\/wp-json\/wp\/v2\/media?parent=15"}],"wp:term":[{"taxonomy":"wf_page_folders","embeddable":true,"href":"https:\/\/lacroiseedesmots.com\/index.php\/wp-json\/wp\/v2\/wf_page_folders?post=15"}],"curies":[{"name":"wp","href":"https:\/\/api.w.org\/{rel}","templated":true}]}}